{"id":917,"date":"2024-05-08T15:11:04","date_gmt":"2024-05-08T18:11:04","guid":{"rendered":"https:\/\/polimericos.com.br\/bemvindo\/?post_type=product&#038;p=917"},"modified":"2024-05-08T15:22:37","modified_gmt":"2024-05-08T18:22:37","slug":"rtv-11","status":"publish","type":"product","link":"https:\/\/polimericos.com.br\/bemvindo\/produto\/rtv-11\/","title":{"rendered":"RTV 11"},"content":{"rendered":"<p>RTV11, Trata-se de um elast\u00f4meros de silicone (Branco), bi-componente de uso geral. Eles s\u00e3o fornecidos prontos para uso com um composto base e DBT (dilaurato de dibutil estanho) como agente de cura padr\u00e3o. O DBT \u00e9 adequado para a maioria das aplica\u00e7\u00f5es, por\u00e9m outros catalisadores est\u00e3o dispon\u00edveis para facilitar a cura, rapidez e mistura automatizada.<\/p>\n<p>Principais recursos e benef\u00edcios<\/p>\n<ul>\n<li>O tempo de trabalho e as taxas de cura podem variar<\/li>\n<li>Cura \u00e0 temperatura ambiente<\/li>\n<li>Composi\u00e7\u00e3o livre de solventes e odor de solvente<\/li>\n<li>Conformidade com a FDA \u2013 os compostos de borracha de silicone RTV11 e RTV41 podem ser usados \u200b\u200bem aplica\u00e7\u00f5es de contato com alimentos, exceto contato com alimentos \u00e1cidos onde os regulamentos da FDA se aplicam.<\/li>\n<li>Excelentes capacidades de ades\u00e3o com primer.<\/li>\n<li>Propriedades elastom\u00e9ricas em temperaturas de -54\u00b0C (-65\u00b0F) at\u00e9 204\u00b0C (400\u00b0F) continuamente, e at\u00e9 260\u00b0C (500\u00b0F) por curtos per\u00edodos de tempo.<\/li>\n<\/ul>\n<p>Aplica\u00e7\u00f5es potenciais<\/p>\n<ul>\n<li>As aplica\u00e7\u00f5es t\u00edpicas incluem, mas n\u00e3o est\u00e3o limitadas a:<\/li>\n<li>Envasamento e encapsulamento de bobinas e conectores el\u00e9tricos<\/li>\n<li>Fabrica\u00e7\u00e3o de juntas e moldes fundidos no local<\/li>\n<li>Manuten\u00e7\u00e3o de equipamentos m\u00e9dicos, como transdutores<\/li>\n<li>Manuten\u00e7\u00e3o de equipamentos el\u00e9tricos<\/li>\n<\/ul>\n<p>&nbsp;<\/p>\n","protected":false},"excerpt":{"rendered":"<p>RTV11, Trata-se de um elast\u00f4meros de silicone (Branco), bi-componente de uso geral. Eles s\u00e3o fornecidos prontos para uso com um composto base e DBT (dilaurato de dibutil estanho) como agente de cura padr\u00e3o. O DBT \u00e9 adequado para a maioria das aplica\u00e7\u00f5es, por\u00e9m outros catalisadores est\u00e3o dispon\u00edveis para facilitar a cura, rapidez e mistura automatizada. [&hellip;]<\/p>\n","protected":false},"featured_media":918,"comment_status":"open","ping_status":"closed","template":"","meta":{"om_disable_all_campaigns":false,"_monsterinsights_skip_tracking":false,"_monsterinsights_sitenote_active":false,"_monsterinsights_sitenote_note":"","_monsterinsights_sitenote_category":0,"site-sidebar-layout":"default","site-content-layout":"","ast-site-content-layout":"default","site-content-style":"default","site-sidebar-style":"default","ast-global-header-display":"","ast-banner-title-visibility":"","ast-main-header-display":"","ast-hfb-above-header-display":"","ast-hfb-below-header-display":"","ast-hfb-mobile-header-display":"","site-post-title":"","ast-breadcrumbs-content":"","ast-featured-img":"","footer-sml-layout":"","theme-transparent-header-meta":"default","adv-header-id-meta":"","stick-header-meta":"default","header-above-stick-meta":"","header-main-stick-meta":"","header-below-stick-meta":"","astra-migrate-meta-layouts":"set","ast-page-background-enabled":"default","ast-page-background-meta":{"desktop":{"background-color":"","background-image":"","background-repeat":"repeat","background-position":"center center","background-size":"auto","background-attachment":"scroll","background-type":"","background-media":"","overlay-type":"","overlay-color":"","overlay-gradient":""},"tablet":{"background-color":"","background-image":"","background-repeat":"repeat","background-position":"center center","background-size":"auto","background-attachment":"scroll","background-type":"","background-media":"","overlay-type":"","overlay-color":"","overlay-gradient":""},"mobile":{"background-color":"","background-image":"","background-repeat":"repeat","background-position":"center center","background-size":"auto","background-attachment":"scroll","background-type":"","background-media":"","overlay-type":"","overlay-color":"","overlay-gradient":""}},"ast-content-background-meta":{"desktop":{"background-color":"var(--ast-global-color-5)","background-image":"","background-repeat":"repeat","background-position":"center center","background-size":"auto","background-attachment":"scroll","background-type":"","background-media":"","overlay-type":"","overlay-color":"","overlay-gradient":""},"tablet":{"background-color":"var(--ast-global-color-5)","background-image":"","background-repeat":"repeat","background-position":"center center","background-size":"auto","background-attachment":"scroll","background-type":"","background-media":"","overlay-type":"","overlay-color":"","overlay-gradient":""},"mobile":{"background-color":"var(--ast-global-color-5)","background-image":"","background-repeat":"repeat","background-position":"center center","background-size":"auto","background-attachment":"scroll","background-type":"","background-media":"","overlay-type":"","overlay-color":"","overlay-gradient":""}}},"product_cat":[27,28,30],"product_tag":[70,69,71,68],"aioseo_notices":[],"_links":{"self":[{"href":"https:\/\/polimericos.com.br\/bemvindo\/wp-json\/wp\/v2\/product\/917"}],"collection":[{"href":"https:\/\/polimericos.com.br\/bemvindo\/wp-json\/wp\/v2\/product"}],"about":[{"href":"https:\/\/polimericos.com.br\/bemvindo\/wp-json\/wp\/v2\/types\/product"}],"replies":[{"embeddable":true,"href":"https:\/\/polimericos.com.br\/bemvindo\/wp-json\/wp\/v2\/comments?post=917"}],"wp:featuredmedia":[{"embeddable":true,"href":"https:\/\/polimericos.com.br\/bemvindo\/wp-json\/wp\/v2\/media\/918"}],"wp:attachment":[{"href":"https:\/\/polimericos.com.br\/bemvindo\/wp-json\/wp\/v2\/media?parent=917"}],"wp:term":[{"taxonomy":"product_cat","embeddable":true,"href":"https:\/\/polimericos.com.br\/bemvindo\/wp-json\/wp\/v2\/product_cat?post=917"},{"taxonomy":"product_tag","embeddable":true,"href":"https:\/\/polimericos.com.br\/bemvindo\/wp-json\/wp\/v2\/product_tag?post=917"}],"curies":[{"name":"wp","href":"https:\/\/api.w.org\/{rel}","templated":true}]}}