{"id":915,"date":"2024-05-08T14:22:10","date_gmt":"2024-05-08T17:22:10","guid":{"rendered":"https:\/\/polimericos.com.br\/bemvindo\/?post_type=product&#038;p=915"},"modified":"2024-05-08T14:24:07","modified_gmt":"2024-05-08T17:24:07","slug":"siltrust-ecc-3051-s","status":"publish","type":"product","link":"https:\/\/polimericos.com.br\/bemvindo\/produto\/siltrust-ecc-3051-s\/","title":{"rendered":"ECC 3051 S"},"content":{"rendered":"<p>ECC 3051 S \u00e9 um revestimento isolante de silicone, Conformal Coating &#8211; monocomponente, de baixa viscosidade<br \/>\nque se cura quando exposto \u00e0 umidade atmosf\u00e9rica, de forma r\u00e1pida, sem a necessidade de equipamentos de cura, formando uma prote\u00e7\u00e3o flex\u00edvel.<\/p>\n<p>O Conformal Coating ECC3051S ajuda a reduzir o potencial de corros\u00e3o de componentes eletr\u00f4nicos, superando outros pol\u00edmeros como acr\u00edlicos, poliuretanos, poliolefina e outros pol\u00edmeros de silicone como protetivo para a\u00a0corros\u00e3o.<\/p>\n<p>Principais recursos e benef\u00edcios t\u00edpicos:<\/p>\n<ul>\n<li>R\u00e1pido Tack-free time.<\/li>\n<li>Baixa volatilidade<\/li>\n<li>Formula\u00e7\u00e3o sem solventes (100% de conte\u00fado s\u00f3lido)<\/li>\n<li>Cont\u00e9m indicador UV para facilitar a inspe\u00e7\u00e3o sob luz negra<\/li>\n<li>Retardante de chama: certificado UL94V-0 (arquivo n\u00ba E135148)<\/li>\n<li>Atende ao padr\u00e3o IEC60068-2-52 Severidade 5 para desempenho de n\u00e9voa salina<\/li>\n<li>Atende ao padr\u00e3o IEC60068-2-60 M\u00e9todo 4 para desempenho de corros\u00e3o por g\u00e1s misto<\/li>\n<li>Atende ao padr\u00e3o IPC-CC-830B \/ MIL-I-46058C para apar\u00eancia, fluoresc\u00eancia, Espessura, flexibilidade, tens\u00e3o diel\u00e9trica resistente, umidade e isolamento.<\/li>\n<li>Resist\u00eancia ao Choque T\u00e9rmico, Envelhecimento por Temperatura e Umidade.<\/li>\n<\/ul>\n","protected":false},"excerpt":{"rendered":"<p>ECC 3051 S \u00e9 um revestimento isolante de silicone, Conformal Coating &#8211; monocomponente, de baixa viscosidade que se cura quando exposto \u00e0 umidade atmosf\u00e9rica, de forma r\u00e1pida, sem a necessidade de equipamentos de cura, formando uma prote\u00e7\u00e3o flex\u00edvel. O Conformal Coating ECC3051S ajuda a reduzir o potencial de corros\u00e3o de componentes eletr\u00f4nicos, superando outros pol\u00edmeros [&hellip;]<\/p>\n","protected":false},"featured_media":916,"comment_status":"open","ping_status":"closed","template":"","meta":{"om_disable_all_campaigns":false,"_monsterinsights_skip_tracking":false,"_monsterinsights_sitenote_active":false,"_monsterinsights_sitenote_note":"","_monsterinsights_sitenote_category":0,"site-sidebar-layout":"default","site-content-layout":"","ast-site-content-layout":"default","site-content-style":"default","site-sidebar-style":"default","ast-global-header-display":"","ast-banner-title-visibility":"","ast-main-header-display":"","ast-hfb-above-header-display":"","ast-hfb-below-header-display":"","ast-hfb-mobile-header-display":"","site-post-title":"","ast-breadcrumbs-content":"","ast-featured-img":"","footer-sml-layout":"","theme-transparent-header-meta":"default","adv-header-id-meta":"","stick-header-meta":"default","header-above-stick-meta":"","header-main-stick-meta":"","header-below-stick-meta":"","astra-migrate-meta-layouts":"set","ast-page-background-enabled":"default","ast-page-background-meta":{"desktop":{"background-color":"","background-image":"","background-repeat":"repeat","background-position":"center center","background-size":"auto","background-attachment":"scroll","background-type":"","background-media":"","overlay-type":"","overlay-color":"","overlay-gradient":""},"tablet":{"background-color":"","background-image":"","background-repeat":"repeat","background-position":"center center","background-size":"auto","background-attachment":"scroll","background-type":"","background-media":"","overlay-type":"","overlay-color":"","overlay-gradient":""},"mobile":{"background-color":"","background-image":"","background-repeat":"repeat","background-position":"center center","background-size":"auto","background-attachment":"scroll","background-type":"","background-media":"","overlay-type":"","overlay-color":"","overlay-gradient":""}},"ast-content-background-meta":{"desktop":{"background-color":"var(--ast-global-color-5)","background-image":"","background-repeat":"repeat","background-position":"center center","background-size":"auto","background-attachment":"scroll","background-type":"","background-media":"","overlay-type":"","overlay-color":"","overlay-gradient":""},"tablet":{"background-color":"var(--ast-global-color-5)","background-image":"","background-repeat":"repeat","background-position":"center center","background-size":"auto","background-attachment":"scroll","background-type":"","background-media":"","overlay-type":"","overlay-color":"","overlay-gradient":""},"mobile":{"background-color":"var(--ast-global-color-5)","background-image":"","background-repeat":"repeat","background-position":"center center","background-size":"auto","background-attachment":"scroll","background-type":"","background-media":"","overlay-type":"","overlay-color":"","overlay-gradient":""}}},"product_cat":[33,29,28],"product_tag":[66,64,67,65],"aioseo_notices":[],"_links":{"self":[{"href":"https:\/\/polimericos.com.br\/bemvindo\/wp-json\/wp\/v2\/product\/915"}],"collection":[{"href":"https:\/\/polimericos.com.br\/bemvindo\/wp-json\/wp\/v2\/product"}],"about":[{"href":"https:\/\/polimericos.com.br\/bemvindo\/wp-json\/wp\/v2\/types\/product"}],"replies":[{"embeddable":true,"href":"https:\/\/polimericos.com.br\/bemvindo\/wp-json\/wp\/v2\/comments?post=915"}],"wp:featuredmedia":[{"embeddable":true,"href":"https:\/\/polimericos.com.br\/bemvindo\/wp-json\/wp\/v2\/media\/916"}],"wp:attachment":[{"href":"https:\/\/polimericos.com.br\/bemvindo\/wp-json\/wp\/v2\/media?parent=915"}],"wp:term":[{"taxonomy":"product_cat","embeddable":true,"href":"https:\/\/polimericos.com.br\/bemvindo\/wp-json\/wp\/v2\/product_cat?post=915"},{"taxonomy":"product_tag","embeddable":true,"href":"https:\/\/polimericos.com.br\/bemvindo\/wp-json\/wp\/v2\/product_tag?post=915"}],"curies":[{"name":"wp","href":"https:\/\/api.w.org\/{rel}","templated":true}]}}