{"id":912,"date":"2024-05-08T09:11:27","date_gmt":"2024-05-08T12:11:27","guid":{"rendered":"https:\/\/polimericos.com.br\/bemvindo\/?post_type=product&#038;p=912"},"modified":"2024-05-08T09:12:29","modified_gmt":"2024-05-08T12:12:29","slug":"rtv-106-vermelho-alta-temperatura","status":"publish","type":"product","link":"https:\/\/polimericos.com.br\/bemvindo\/produto\/rtv-106-vermelho-alta-temperatura\/","title":{"rendered":"RTV 106 (Vermelho) Alta Temperatura"},"content":{"rendered":"<p>O selante RTV106 \u00e9 um selante com consist\u00eancia pastosa, com resist\u00eancia para altas temperaturas, onde a temperatura m\u00e1xima de opera\u00e7\u00e3o cont\u00ednua seja de at\u00e9 \u00a0260\u00b0C e temperatura operacional m\u00e1xima intermitente de 315\u00b0C<\/p>\n<ul>\n<li>Capacidade de cura \u00e0 temperatura ambiente e umidade ambiente<\/li>\n<li>Propriedades de auto-ades\u00e3o<\/li>\n<li>Flexibilidade em baixa temperatura<\/li>\n<li>Desempenho em altas temperaturas<\/li>\n<li>Excelente resist\u00eancia \u00e0s intemp\u00e9ries e ao oz\u00f4nio e produtos qu\u00edmicos<\/li>\n<li>Excelentes propriedades de isolamento el\u00e9trico<\/li>\n<\/ul>\n<p>Aplica\u00e7\u00f5es potenciais:<\/p>\n<ul>\n<li>Colagem de uso geral, veda\u00e7\u00e3o e isolamneto el\u00e9trico, juntas moldados na aplica\u00e7\u00e3o.<\/li>\n<li>Pode ser aplicado verticalmente ou superf\u00edcies a\u00e9reas<\/li>\n<li>Grau FDA 21 CFR 177.2600, USDA, NSF International Std. No. 51<\/li>\n<li>Veda\u00e7\u00e3o de elementos de aquecimento, veda\u00e7\u00e3o, isolamento el\u00e9trico e outras aplica\u00e7\u00f5es cr\u00edticas de colagem e veda\u00e7\u00e3o em que as pe\u00e7as devem funcionar em altas temperaturas. Pode ser aplicado em superf\u00edcies verticais ou suspensas.<\/li>\n<\/ul>\n","protected":false},"excerpt":{"rendered":"<p>O selante RTV106 \u00e9 um selante com consist\u00eancia pastosa, com resist\u00eancia para altas temperaturas, onde a temperatura m\u00e1xima de opera\u00e7\u00e3o cont\u00ednua seja de at\u00e9 \u00a0260\u00b0C e temperatura operacional m\u00e1xima intermitente de 315\u00b0C Capacidade de cura \u00e0 temperatura ambiente e umidade ambiente Propriedades de auto-ades\u00e3o Flexibilidade em baixa temperatura Desempenho em altas temperaturas Excelente resist\u00eancia \u00e0s [&hellip;]<\/p>\n","protected":false},"featured_media":898,"comment_status":"open","ping_status":"closed","template":"","meta":{"om_disable_all_campaigns":false,"_monsterinsights_skip_tracking":false,"_monsterinsights_sitenote_active":false,"_monsterinsights_sitenote_note":"","_monsterinsights_sitenote_category":0,"site-sidebar-layout":"default","site-content-layout":"","ast-site-content-layout":"default","site-content-style":"default","site-sidebar-style":"default","ast-global-header-display":"","ast-banner-title-visibility":"","ast-main-header-display":"","ast-hfb-above-header-display":"","ast-hfb-below-header-display":"","ast-hfb-mobile-header-display":"","site-post-title":"","ast-breadcrumbs-content":"","ast-featured-img":"","footer-sml-layout":"","theme-transparent-header-meta":"default","adv-header-id-meta":"","stick-header-meta":"default","header-above-stick-meta":"","header-main-stick-meta":"","header-below-stick-meta":"","astra-migrate-meta-layouts":"set","ast-page-background-enabled":"default","ast-page-background-meta":{"desktop":{"background-color":"","background-image":"","background-repeat":"repeat","background-position":"center center","background-size":"auto","background-attachment":"scroll","background-type":"","background-media":"","overlay-type":"","overlay-color":"","overlay-gradient":""},"tablet":{"background-color":"","background-image":"","background-repeat":"repeat","background-position":"center center","background-size":"auto","background-attachment":"scroll","background-type":"","background-media":"","overlay-type":"","overlay-color":"","overlay-gradient":""},"mobile":{"background-color":"","background-image":"","background-repeat":"repeat","background-position":"center center","background-size":"auto","background-attachment":"scroll","background-type":"","background-media":"","overlay-type":"","overlay-color":"","overlay-gradient":""}},"ast-content-background-meta":{"desktop":{"background-color":"var(--ast-global-color-5)","background-image":"","background-repeat":"repeat","background-position":"center center","background-size":"auto","background-attachment":"scroll","background-type":"","background-media":"","overlay-type":"","overlay-color":"","overlay-gradient":""},"tablet":{"background-color":"var(--ast-global-color-5)","background-image":"","background-repeat":"repeat","background-position":"center center","background-size":"auto","background-attachment":"scroll","background-type":"","background-media":"","overlay-type":"","overlay-color":"","overlay-gradient":""},"mobile":{"background-color":"var(--ast-global-color-5)","background-image":"","background-repeat":"repeat","background-position":"center center","background-size":"auto","background-attachment":"scroll","background-type":"","background-media":"","overlay-type":"","overlay-color":"","overlay-gradient":""}}},"product_cat":[27],"product_tag":[34,35,58,37,56,60,57,59],"aioseo_notices":[],"_links":{"self":[{"href":"https:\/\/polimericos.com.br\/bemvindo\/wp-json\/wp\/v2\/product\/912"}],"collection":[{"href":"https:\/\/polimericos.com.br\/bemvindo\/wp-json\/wp\/v2\/product"}],"about":[{"href":"https:\/\/polimericos.com.br\/bemvindo\/wp-json\/wp\/v2\/types\/product"}],"replies":[{"embeddable":true,"href":"https:\/\/polimericos.com.br\/bemvindo\/wp-json\/wp\/v2\/comments?post=912"}],"wp:featuredmedia":[{"embeddable":true,"href":"https:\/\/polimericos.com.br\/bemvindo\/wp-json\/wp\/v2\/media\/898"}],"wp:attachment":[{"href":"https:\/\/polimericos.com.br\/bemvindo\/wp-json\/wp\/v2\/media?parent=912"}],"wp:term":[{"taxonomy":"product_cat","embeddable":true,"href":"https:\/\/polimericos.com.br\/bemvindo\/wp-json\/wp\/v2\/product_cat?post=912"},{"taxonomy":"product_tag","embeddable":true,"href":"https:\/\/polimericos.com.br\/bemvindo\/wp-json\/wp\/v2\/product_tag?post=912"}],"curies":[{"name":"wp","href":"https:\/\/api.w.org\/{rel}","templated":true}]}}