{"id":906,"date":"2024-05-08T07:42:30","date_gmt":"2024-05-08T10:42:30","guid":{"rendered":"https:\/\/polimericos.com.br\/bemvindo\/?post_type=product&#038;p=906"},"modified":"2024-05-08T07:53:41","modified_gmt":"2024-05-08T10:53:41","slug":"tse-382","status":"publish","type":"product","link":"https:\/\/polimericos.com.br\/bemvindo\/produto\/tse-382\/","title":{"rendered":"TSE 382"},"content":{"rendered":"<p>\u00c9 um selante adesivo de silicone monocomponente, de cura neutra e \u00e0 temperatura ambiente com umidade do ar. Este produto adere \u00e0 maioria dos materiais, como metais, pl\u00e1sticos, cer\u00e2mica e vidro, sem o uso de primers.<\/p>\n<p>Principais recursos e benef\u00edcios t\u00edpicos<\/p>\n<ul>\n<li>Ades\u00e3o sem primer a muitos substratos<\/li>\n<li>Cura neutra: Pouco risco de corros\u00e3o (corros\u00e3o em cobre e ligas de cobre)<\/li>\n<li>Excelente resist\u00eancia a altas e baixas temperaturas: de -55\u00b0C a 200\u00b0C de opera\u00e7\u00e3o cont\u00ednua<\/li>\n<li>Excelentes propriedades diel\u00e9tricas<\/li>\n<li>Excelente resist\u00eancia \u00e0s intemp\u00e9ries, oz\u00f4nio e produtos qu\u00edmicos<\/li>\n<li>Pode ser fornecido como transl\u00facido, preto, cinza e branco<br \/>\n&#8211; Reconhecido pela UL (arquivo n\u00ba E56745): TSE382-W e TSE382-C; UL746 TI Elec.150\u00b0C, Mech. 140\u00b0C e UL94HB<\/li>\n<\/ul>\n<p>Portenciais Aplica\u00e7\u00f5es:<\/p>\n<ul>\n<li>Um selante \u00e0 prova d&#8217;\u00e1gua para equipamentos el\u00e9tricos e de comunica\u00e7\u00e3o visual<\/li>\n<li>Selante herm\u00e9tico para medidores para impedir a entrada de \u00e1gua e poeira<\/li>\n<li>Selantes preventivos contra vazamento de \u00f3leo para pe\u00e7as de motores de autom\u00f3veis<\/li>\n<li>Ades\u00e3o geral para metais, vidro, pl\u00e1stico, madeira, etc.<\/li>\n<\/ul>\n<p>Nos consultem sobre disponibilidade de embalagem e estoque<\/p>\n","protected":false},"excerpt":{"rendered":"<p>\u00c9 um selante adesivo de silicone monocomponente, de cura neutra e \u00e0 temperatura ambiente com umidade do ar. Este produto adere \u00e0 maioria dos materiais, como metais, pl\u00e1sticos, cer\u00e2mica e vidro, sem o uso de primers. Principais recursos e benef\u00edcios t\u00edpicos Ades\u00e3o sem primer a muitos substratos Cura neutra: Pouco risco de corros\u00e3o (corros\u00e3o em [&hellip;]<\/p>\n","protected":false},"featured_media":907,"comment_status":"open","ping_status":"closed","template":"","meta":{"om_disable_all_campaigns":false,"_monsterinsights_skip_tracking":false,"_monsterinsights_sitenote_active":false,"_monsterinsights_sitenote_note":"","_monsterinsights_sitenote_category":0,"site-sidebar-layout":"default","site-content-layout":"","ast-site-content-layout":"default","site-content-style":"default","site-sidebar-style":"default","ast-global-header-display":"","ast-banner-title-visibility":"","ast-main-header-display":"","ast-hfb-above-header-display":"","ast-hfb-below-header-display":"","ast-hfb-mobile-header-display":"","site-post-title":"","ast-breadcrumbs-content":"","ast-featured-img":"","footer-sml-layout":"","theme-transparent-header-meta":"default","adv-header-id-meta":"","stick-header-meta":"default","header-above-stick-meta":"","header-main-stick-meta":"","header-below-stick-meta":"","astra-migrate-meta-layouts":"set","ast-page-background-enabled":"default","ast-page-background-meta":{"desktop":{"background-color":"","background-image":"","background-repeat":"repeat","background-position":"center center","background-size":"auto","background-attachment":"scroll","background-type":"","background-media":"","overlay-type":"","overlay-color":"","overlay-gradient":""},"tablet":{"background-color":"","background-image":"","background-repeat":"repeat","background-position":"center center","background-size":"auto","background-attachment":"scroll","background-type":"","background-media":"","overlay-type":"","overlay-color":"","overlay-gradient":""},"mobile":{"background-color":"","background-image":"","background-repeat":"repeat","background-position":"center center","background-size":"auto","background-attachment":"scroll","background-type":"","background-media":"","overlay-type":"","overlay-color":"","overlay-gradient":""}},"ast-content-background-meta":{"desktop":{"background-color":"var(--ast-global-color-5)","background-image":"","background-repeat":"repeat","background-position":"center center","background-size":"auto","background-attachment":"scroll","background-type":"","background-media":"","overlay-type":"","overlay-color":"","overlay-gradient":""},"tablet":{"background-color":"var(--ast-global-color-5)","background-image":"","background-repeat":"repeat","background-position":"center center","background-size":"auto","background-attachment":"scroll","background-type":"","background-media":"","overlay-type":"","overlay-color":"","overlay-gradient":""},"mobile":{"background-color":"var(--ast-global-color-5)","background-image":"","background-repeat":"repeat","background-position":"center center","background-size":"auto","background-attachment":"scroll","background-type":"","background-media":"","overlay-type":"","overlay-color":"","overlay-gradient":""}}},"product_cat":[30,48],"product_tag":[42,43,51,40,41,38,50,49,39],"aioseo_notices":[],"_links":{"self":[{"href":"https:\/\/polimericos.com.br\/bemvindo\/wp-json\/wp\/v2\/product\/906"}],"collection":[{"href":"https:\/\/polimericos.com.br\/bemvindo\/wp-json\/wp\/v2\/product"}],"about":[{"href":"https:\/\/polimericos.com.br\/bemvindo\/wp-json\/wp\/v2\/types\/product"}],"replies":[{"embeddable":true,"href":"https:\/\/polimericos.com.br\/bemvindo\/wp-json\/wp\/v2\/comments?post=906"}],"wp:featuredmedia":[{"embeddable":true,"href":"https:\/\/polimericos.com.br\/bemvindo\/wp-json\/wp\/v2\/media\/907"}],"wp:attachment":[{"href":"https:\/\/polimericos.com.br\/bemvindo\/wp-json\/wp\/v2\/media?parent=906"}],"wp:term":[{"taxonomy":"product_cat","embeddable":true,"href":"https:\/\/polimericos.com.br\/bemvindo\/wp-json\/wp\/v2\/product_cat?post=906"},{"taxonomy":"product_tag","embeddable":true,"href":"https:\/\/polimericos.com.br\/bemvindo\/wp-json\/wp\/v2\/product_tag?post=906"}],"curies":[{"name":"wp","href":"https:\/\/api.w.org\/{rel}","templated":true}]}}