{"id":869,"date":"2024-05-06T07:06:06","date_gmt":"2024-05-06T10:06:06","guid":{"rendered":"https:\/\/polimericos.com.br\/bemvindo\/?post_type=product&#038;p=869"},"modified":"2024-07-18T11:54:50","modified_gmt":"2024-07-18T14:54:50","slug":"is-800-series","status":"publish","type":"product","link":"https:\/\/polimericos.com.br\/bemvindo\/produto\/is-800-series\/","title":{"rendered":"IS 800 Series"},"content":{"rendered":"<p>A versatilidade da Linha IS 800 Series e sua consist\u00eancia pastosa; Os selantes adesivos IS802, IS803, IS808 e IS800.09 s\u00e3o ideais para aplica\u00e7\u00e3o em superf\u00edcies verticais e suspensas, onde o uso de selantes autonivelantes derram\u00e1veis \u200b\u200bn\u00e3o seria pr\u00e1tico.<\/p>\n<p>Apresentam se como:\u00a0 IS802, IS803, IS808 e IS809, prontos para uso, apresentam um sistema de cura ac\u00e9tica quando expostos \u00e0 umidade atsmosf\u00e9rica e temperatura ambiente, formando uma borracha de silicone.<\/p>\n<p>Sua versatilidade se difere apenas pela cor:<br \/>\nIS802 \u2013 Branco<br \/>\nIS803 \u2013 Preto<br \/>\nIS808 \u2013 Transl\u00facido<br \/>\nIS800.09 \u2013 Alum\u00ednio<\/p>\n<p>Principais recursos e benef\u00edcios:<\/p>\n<ul>\n<li>Produto monocomponente<\/li>\n<li>Consist\u00eancia tixotr\u00f3pica (pastosa)<\/li>\n<li>Capacidade de cura em condi\u00e7\u00f5es de temperatura e umidade ambiente<\/li>\n<li>Excelentes propriedades de isolamento el\u00e9trico<\/li>\n<li>Excelente resist\u00eancia \u00e0s intemp\u00e9ries e resist\u00eancia qu\u00edmica e ao oz\u00f4nio<\/li>\n<li>Propriedades de autoades\u00e3o<\/li>\n<li>Flexibilidade em baixas temperaturas<\/li>\n<li>Desempenho em alta temperatura<\/li>\n<\/ul>\n<div class=\"page\" title=\"Page 2\">\n<div class=\"section\">\n<div class=\"layoutArea\">\n<div class=\"column\"><\/div>\n<\/div>\n<\/div>\n<\/div>\n<div class=\"page\" title=\"Page 3\">\n<div class=\"section\">\n<div class=\"layoutArea\">\n<div class=\"column\">\n<p>Nos consultem sobre disponibilidade de embalagem e estoque<\/p>\n<\/div>\n<\/div>\n<\/div>\n<\/div>\n","protected":false},"excerpt":{"rendered":"<p>A versatilidade da Linha IS 800 Series e sua consist\u00eancia pastosa; Os selantes adesivos IS802, IS803, IS808 e IS800.09 s\u00e3o ideais para aplica\u00e7\u00e3o em superf\u00edcies verticais e suspensas, onde o uso de selantes autonivelantes derram\u00e1veis \u200b\u200bn\u00e3o seria pr\u00e1tico. Apresentam se como:\u00a0 IS802, IS803, IS808 e IS809, prontos para uso, apresentam um sistema de cura ac\u00e9tica [&hellip;]<\/p>\n","protected":false},"featured_media":904,"comment_status":"open","ping_status":"closed","template":"","meta":{"om_disable_all_campaigns":false,"_monsterinsights_skip_tracking":false,"_monsterinsights_sitenote_active":false,"_monsterinsights_sitenote_note":"","_monsterinsights_sitenote_category":0,"site-sidebar-layout":"default","site-content-layout":"","ast-site-content-layout":"default","site-content-style":"default","site-sidebar-style":"default","ast-global-header-display":"","ast-banner-title-visibility":"","ast-main-header-display":"","ast-hfb-above-header-display":"","ast-hfb-below-header-display":"","ast-hfb-mobile-header-display":"","site-post-title":"","ast-breadcrumbs-content":"","ast-featured-img":"","footer-sml-layout":"","theme-transparent-header-meta":"default","adv-header-id-meta":"","stick-header-meta":"default","header-above-stick-meta":"","header-main-stick-meta":"","header-below-stick-meta":"","astra-migrate-meta-layouts":"set","ast-page-background-enabled":"default","ast-page-background-meta":{"desktop":{"background-color":"","background-image":"","background-repeat":"repeat","background-position":"center center","background-size":"auto","background-attachment":"scroll","background-type":"","background-media":"","overlay-type":"","overlay-color":"","overlay-gradient":""},"tablet":{"background-color":"","background-image":"","background-repeat":"repeat","background-position":"center center","background-size":"auto","background-attachment":"scroll","background-type":"","background-media":"","overlay-type":"","overlay-color":"","overlay-gradient":""},"mobile":{"background-color":"","background-image":"","background-repeat":"repeat","background-position":"center center","background-size":"auto","background-attachment":"scroll","background-type":"","background-media":"","overlay-type":"","overlay-color":"","overlay-gradient":""}},"ast-content-background-meta":{"desktop":{"background-color":"var(--ast-global-color-5)","background-image":"","background-repeat":"repeat","background-position":"center center","background-size":"auto","background-attachment":"scroll","background-type":"","background-media":"","overlay-type":"","overlay-color":"","overlay-gradient":""},"tablet":{"background-color":"var(--ast-global-color-5)","background-image":"","background-repeat":"repeat","background-position":"center center","background-size":"auto","background-attachment":"scroll","background-type":"","background-media":"","overlay-type":"","overlay-color":"","overlay-gradient":""},"mobile":{"background-color":"var(--ast-global-color-5)","background-image":"","background-repeat":"repeat","background-position":"center center","background-size":"auto","background-attachment":"scroll","background-type":"","background-media":"","overlay-type":"","overlay-color":"","overlay-gradient":""}}},"product_cat":[30],"product_tag":[42,43,40,41,38,39],"aioseo_notices":[],"_links":{"self":[{"href":"https:\/\/polimericos.com.br\/bemvindo\/wp-json\/wp\/v2\/product\/869"}],"collection":[{"href":"https:\/\/polimericos.com.br\/bemvindo\/wp-json\/wp\/v2\/product"}],"about":[{"href":"https:\/\/polimericos.com.br\/bemvindo\/wp-json\/wp\/v2\/types\/product"}],"replies":[{"embeddable":true,"href":"https:\/\/polimericos.com.br\/bemvindo\/wp-json\/wp\/v2\/comments?post=869"}],"wp:featuredmedia":[{"embeddable":true,"href":"https:\/\/polimericos.com.br\/bemvindo\/wp-json\/wp\/v2\/media\/904"}],"wp:attachment":[{"href":"https:\/\/polimericos.com.br\/bemvindo\/wp-json\/wp\/v2\/media?parent=869"}],"wp:term":[{"taxonomy":"product_cat","embeddable":true,"href":"https:\/\/polimericos.com.br\/bemvindo\/wp-json\/wp\/v2\/product_cat?post=869"},{"taxonomy":"product_tag","embeddable":true,"href":"https:\/\/polimericos.com.br\/bemvindo\/wp-json\/wp\/v2\/product_tag?post=869"}],"curies":[{"name":"wp","href":"https:\/\/api.w.org\/{rel}","templated":true}]}}