{"id":868,"date":"2024-05-03T07:09:54","date_gmt":"2024-05-03T10:09:54","guid":{"rendered":"https:\/\/polimericos.com.br\/bemvindo\/?post_type=product&#038;p=868"},"modified":"2024-05-08T08:02:51","modified_gmt":"2024-05-08T11:02:51","slug":"snapsil-tn-8000","status":"publish","type":"product","link":"https:\/\/polimericos.com.br\/bemvindo\/produto\/snapsil-tn-8000\/","title":{"rendered":"Snapsil TN 8000"},"content":{"rendered":"<p><strong>Snapsil* TN8000 &#8211; Branco<\/strong><\/p>\n<p>O SnapSil TN8000 \u00e9 um selante adesivo de silicone n\u00e3o corrosivo de cura r\u00e1pida e Neutra, monocomponente, curando com exposi\u00e7\u00e3o \u00e0 umidade atmosf\u00e9rica formando uma borracha de silicone el\u00e1stica. O selante adesivo de silicone SnapSil TN8000 tem uma consist\u00eancia de pasta tixotr\u00f3pica e excelente ades\u00e3o e livre de corros\u00e3o a metais, incluindo cobre, pl\u00e1sticos, vidro sem o uso de primers.<\/p>\n<p>Principais recursos e benef\u00edcios:<\/p>\n<ul>\n<li>Cura Neutra, r\u00e1pida e \u00e0 temperatura ambiente;<\/li>\n<li>Excelente ader\u00eancia ap\u00f3s envelhecimento prolongado, com excelentes propriedades diel\u00e9tricas<\/li>\n<li>Retardante de chamas: certificado UL94HB (Arquivo n\u00ba E56745)<\/li>\n<li>Ampla faixa de temperatura de opera\u00e7\u00e3o de -50 a +200 \u00b0C<\/li>\n<li><span id=\"tgtAlignment_2\" class=\"ts-alignment-element\" data-is-focusable=\"true\">Veda\u00e7\u00e3o<\/span> <span id=\"tgtAlignment_3\" class=\"ts-alignment-element\" data-is-focusable=\"true\">e<\/span> <span id=\"tgtAlignment_4\" class=\"ts-alignment-element\" data-is-focusable=\"true\">fixa\u00e7\u00e3o<\/span> <span id=\"tgtAlignment_5\" class=\"ts-alignment-element\" data-is-focusable=\"true\">de<\/span> <span id=\"tgtAlignment_6\" class=\"ts-alignment-element\" data-is-focusable=\"true\">adesivo<\/span> <span id=\"tgtAlignment_7\" class=\"ts-alignment-element\" data-is-focusable=\"true\">isolante<\/span> <span id=\"tgtAlignment_8\" class=\"ts-alignment-element\" data-is-focusable=\"true\">para<\/span> <span id=\"tgtAlignment_9\" class=\"ts-alignment-element\" data-is-focusable=\"true\">pe\u00e7as<\/span> <span id=\"tgtAlignment_10\" class=\"ts-alignment-element\" data-is-focusable=\"true\">el\u00e9tricas<\/span> <span id=\"tgtAlignment_11\" class=\"ts-alignment-element\" data-is-focusable=\"true\">e<\/span> <span id=\"tgtAlignment_12\" class=\"ts-alignment-element\" data-is-focusable=\"true\">eletr\u00f4nicas<\/span><\/li>\n<li><span id=\"tgtAlignment_13\" class=\"ts-alignment-element\" data-is-focusable=\"true\">Selante<\/span> <span id=\"tgtAlignment_14\" class=\"ts-alignment-element\" data-is-focusable=\"true\">imperme\u00e1vel<\/span> <span id=\"tgtAlignment_15\" class=\"ts-alignment-element\" data-is-focusable=\"true\">para<\/span> <span id=\"tgtAlignment_16\" class=\"ts-alignment-element\" data-is-focusable=\"true\">equipamentos<\/span> <span id=\"tgtAlignment_17\" class=\"ts-alignment-element\" data-is-focusable=\"true\">el\u00e9tricos<\/span><span id=\"tgtAlignment_18\" class=\"ts-alignment-element\" data-is-focusable=\"true\">,<\/span> <span id=\"tgtAlignment_19\" class=\"ts-alignment-element\" data-is-focusable=\"true\">eletr\u00f4nicos<\/span> <span id=\"tgtAlignment_20\" class=\"ts-alignment-element\" data-is-focusable=\"true\">e<\/span> <span id=\"tgtAlignment_21\" class=\"ts-alignment-element\" data-is-focusable=\"true\">de<\/span> <span id=\"tgtAlignment_22\" class=\"ts-alignment-element\" data-is-focusable=\"true\">comunica\u00e7\u00e3o.<\/span><\/li>\n<li><span id=\"tgtAlignment_34\" class=\"ts-alignment-element\" data-is-focusable=\"true\">Desempenho<\/span> <span id=\"tgtAlignment_35\" class=\"ts-alignment-element\" data-is-focusable=\"true\">da<\/span> ades\u00e3o e forte fixa\u00e7\u00e3o, com\u00a0<span id=\"tgtAlignment_43\" class=\"ts-alignment-element\" data-is-focusable=\"true\">excelentes<\/span> <span id=\"tgtAlignment_44\" class=\"ts-alignment-element\" data-is-focusable=\"true\">propriedades<\/span> <span id=\"tgtAlignment_45\" class=\"ts-alignment-element\" data-is-focusable=\"true\">de<\/span> <span id=\"tgtAlignment_46\" class=\"ts-alignment-element\" data-is-focusable=\"true\">colagem<\/span> <span id=\"tgtAlignment_47\" class=\"ts-alignment-element\" data-is-focusable=\"true\">e<\/span>\u00a0<span id=\"tgtAlignment_49\" class=\"ts-alignment-element\" data-is-focusable=\"true\">ader\u00eancia<\/span> <span id=\"tgtAlignment_50\" class=\"ts-alignment-element\" data-is-focusable=\"true\">a<\/span> <span id=\"tgtAlignment_51\" class=\"ts-alignment-element\" data-is-focusable=\"true\">qualquer<\/span> <span id=\"tgtAlignment_52\" class=\"ts-alignment-element\" data-is-focusable=\"true\">material<\/span> <span id=\"tgtAlignment_53\" class=\"ts-alignment-element\" data-is-focusable=\"true\">sem<\/span> <span id=\"tgtAlignment_54\" class=\"ts-alignment-element\" data-is-focusable=\"true\">primers<\/span><span id=\"tgtAlignment_55\" class=\"ts-alignment-element\" data-is-focusable=\"true\">.<\/span><\/li>\n<\/ul>\n<p>Potenciais Aplica\u00e7\u00f5es:<\/p>\n<ul>\n<li><span class=\"jCAhz JxVs2d ChMk0b\" style=\"font-size: 16px;\"><span class=\"ryNqvb\">Veda\u00e7\u00e3o e fixa\u00e7\u00e3o com adesivo isolante para pe\u00e7as el\u00e9tricas e eletr\u00f4nicas<\/span><\/span><\/li>\n<li><span class=\"jCAhz JxVs2d ChMk0b\" style=\"font-size: 16px;\"><span class=\"ryNqvb\">Selante \u00e0 prova d&#8217;\u00e1gua para equipamentos el\u00e9tricos, eletr\u00f4nicos e de comunica\u00e7\u00e3o<\/span><\/span><span class=\"jCAhz JxVs2d ChMk0b\" style=\"font-size: 16px;\"><span class=\"ryNqvb\">\u00a0<\/span><\/span><\/li>\n<li><span class=\"jCAhz JxVs2d ChMk0b\" style=\"font-size: 16px;\"><span class=\"ryNqvb\">Adesivo geral para metais, vidros, pl\u00e1sticos, etc.<\/span><\/span><\/li>\n<\/ul>\n<p>Nos consultem sobre disponibilidade de embalagem e estoque<\/p>\n","protected":false},"excerpt":{"rendered":"<p>Snapsil* TN8000 &#8211; Branco O SnapSil TN8000 \u00e9 um selante adesivo de silicone n\u00e3o corrosivo de cura r\u00e1pida e Neutra, monocomponente, curando com exposi\u00e7\u00e3o \u00e0 umidade atmosf\u00e9rica formando uma borracha de silicone el\u00e1stica. O selante adesivo de silicone SnapSil TN8000 tem uma consist\u00eancia de pasta tixotr\u00f3pica e excelente ades\u00e3o e livre de corros\u00e3o a metais, [&hellip;]<\/p>\n","protected":false},"featured_media":901,"comment_status":"open","ping_status":"closed","template":"","meta":{"om_disable_all_campaigns":false,"_monsterinsights_skip_tracking":false,"_monsterinsights_sitenote_active":false,"_monsterinsights_sitenote_note":"","_monsterinsights_sitenote_category":0,"site-sidebar-layout":"default","site-content-layout":"","ast-site-content-layout":"default","site-content-style":"default","site-sidebar-style":"default","ast-global-header-display":"","ast-banner-title-visibility":"","ast-main-header-display":"","ast-hfb-above-header-display":"","ast-hfb-below-header-display":"","ast-hfb-mobile-header-display":"","site-post-title":"","ast-breadcrumbs-content":"","ast-featured-img":"","footer-sml-layout":"","theme-transparent-header-meta":"default","adv-header-id-meta":"","stick-header-meta":"default","header-above-stick-meta":"","header-main-stick-meta":"","header-below-stick-meta":"","astra-migrate-meta-layouts":"set","ast-page-background-enabled":"default","ast-page-background-meta":{"desktop":{"background-color":"","background-image":"","background-repeat":"repeat","background-position":"center center","background-size":"auto","background-attachment":"scroll","background-type":"","background-media":"","overlay-type":"","overlay-color":"","overlay-gradient":""},"tablet":{"background-color":"","background-image":"","background-repeat":"repeat","background-position":"center center","background-size":"auto","background-attachment":"scroll","background-type":"","background-media":"","overlay-type":"","overlay-color":"","overlay-gradient":""},"mobile":{"background-color":"","background-image":"","background-repeat":"repeat","background-position":"center center","background-size":"auto","background-attachment":"scroll","background-type":"","background-media":"","overlay-type":"","overlay-color":"","overlay-gradient":""}},"ast-content-background-meta":{"desktop":{"background-color":"var(--ast-global-color-5)","background-image":"","background-repeat":"repeat","background-position":"center center","background-size":"auto","background-attachment":"scroll","background-type":"","background-media":"","overlay-type":"","overlay-color":"","overlay-gradient":""},"tablet":{"background-color":"var(--ast-global-color-5)","background-image":"","background-repeat":"repeat","background-position":"center center","background-size":"auto","background-attachment":"scroll","background-type":"","background-media":"","overlay-type":"","overlay-color":"","overlay-gradient":""},"mobile":{"background-color":"var(--ast-global-color-5)","background-image":"","background-repeat":"repeat","background-position":"center center","background-size":"auto","background-attachment":"scroll","background-type":"","background-media":"","overlay-type":"","overlay-color":"","overlay-gradient":""}}},"product_cat":[29,28,30],"product_tag":[42,43,40,41,38,39],"aioseo_notices":[],"_links":{"self":[{"href":"https:\/\/polimericos.com.br\/bemvindo\/wp-json\/wp\/v2\/product\/868"}],"collection":[{"href":"https:\/\/polimericos.com.br\/bemvindo\/wp-json\/wp\/v2\/product"}],"about":[{"href":"https:\/\/polimericos.com.br\/bemvindo\/wp-json\/wp\/v2\/types\/product"}],"replies":[{"embeddable":true,"href":"https:\/\/polimericos.com.br\/bemvindo\/wp-json\/wp\/v2\/comments?post=868"}],"wp:featuredmedia":[{"embeddable":true,"href":"https:\/\/polimericos.com.br\/bemvindo\/wp-json\/wp\/v2\/media\/901"}],"wp:attachment":[{"href":"https:\/\/polimericos.com.br\/bemvindo\/wp-json\/wp\/v2\/media?parent=868"}],"wp:term":[{"taxonomy":"product_cat","embeddable":true,"href":"https:\/\/polimericos.com.br\/bemvindo\/wp-json\/wp\/v2\/product_cat?post=868"},{"taxonomy":"product_tag","embeddable":true,"href":"https:\/\/polimericos.com.br\/bemvindo\/wp-json\/wp\/v2\/product_tag?post=868"}],"curies":[{"name":"wp","href":"https:\/\/api.w.org\/{rel}","templated":true}]}}