{"id":859,"date":"2024-04-26T11:36:34","date_gmt":"2024-04-26T14:36:34","guid":{"rendered":"https:\/\/polimericos.com.br\/bemvindo\/?post_type=product&#038;p=859"},"modified":"2024-05-08T09:06:52","modified_gmt":"2024-05-08T12:06:52","slug":"rtv-102","status":"publish","type":"product","link":"https:\/\/polimericos.com.br\/bemvindo\/produto\/rtv-102\/","title":{"rendered":"RTV 102 (Branco)"},"content":{"rendered":"<p>o RTV 102 \u00e9 um Selante Adesivo de montagem industrial, monocomponente de cor Branca, pronto para o uso. Extremamente vers\u00e1til, possuem sistema de cura ac\u00e9tica por umidade, apresentando uma borracha de silicone resistente, dur\u00e1vel e resiliente na exposi\u00e7\u00e3o \u00e0 umidade atmosf\u00e9rica \u00e0 temperatura ambiente.<\/p>\n<p>O selante RTV102 \u00e9 um produto de consist\u00eancia pastosa que pode ser aplicado em superf\u00edcies verticais e suspensas, onde selantes l\u00edquidos n\u00e3o s\u00e3o recomendados.<\/p>\n<ul>\n<li>Capacidade <span data-is-focusable=\"true\">de<\/span> <span data-is-focusable=\"true\">cura<\/span> <span data-is-focusable=\"true\">\u00e0<\/span> <span data-is-focusable=\"true\">temperatura<\/span> <span data-is-focusable=\"true\">ambiente<\/span> <span data-is-focusable=\"true\">e<\/span> <span data-is-focusable=\"true\">umidade<\/span> <span data-is-focusable=\"true\">ambiente<\/span><\/li>\n<li>Propriedades <span style=\"font-size: 16px;\" data-is-focusable=\"true\">de<\/span> <span style=\"font-size: 16px;\" data-is-focusable=\"true\">auto<\/span><span style=\"font-size: 16px;\">&#8211;<\/span><span style=\"font-size: 16px;\" data-is-focusable=\"true\">ades\u00e3o<\/span><\/li>\n<li>Flexibilidade <span data-is-focusable=\"true\">em<\/span> <span data-is-focusable=\"true\">baixa<\/span> <span data-is-focusable=\"true\">temperatura<\/span><\/li>\n<li><span data-is-focusable=\"true\">Excelente<\/span> <span data-is-focusable=\"true\">resist\u00eancia<\/span> \u00e0s intemp\u00e9ries <span data-is-focusable=\"true\">e<\/span> <span data-is-focusable=\"true\">ao<\/span> oz\u00f4nio <span data-is-focusable=\"true\">e<\/span> <span data-is-focusable=\"true\">produtos<\/span> <span data-is-focusable=\"true\">qu\u00edmicos<\/span><\/li>\n<li>Excelentes <span data-is-focusable=\"true\">propriedades<\/span> <span data-is-focusable=\"true\">de<\/span> <span data-is-focusable=\"true\">isolamento<\/span> <span data-is-focusable=\"true\">el\u00e9trico<\/span><\/li>\n<\/ul>\n<p>Aplica\u00e7\u00f5es potenciais:<\/p>\n<ul>\n<li>Colagem de uso geral, veda\u00e7\u00e3o, isolamento el\u00e9trico, juntas moldadas no local de aplica\u00e7\u00e3o.<\/li>\n<li>Pode ser aplicado verticalmente ou superf\u00edcies a\u00e9reas<\/li>\n<li>Grau FDA 21 CFR 177.2600, USDA, NSF International Std. No. 51<\/li>\n<\/ul>\n","protected":false},"excerpt":{"rendered":"<p>o RTV 102 \u00e9 um Selante Adesivo de montagem industrial, monocomponente de cor Branca, pronto para o uso. Extremamente vers\u00e1til, possuem sistema de cura ac\u00e9tica por umidade, apresentando uma borracha de silicone resistente, dur\u00e1vel e resiliente na exposi\u00e7\u00e3o \u00e0 umidade atmosf\u00e9rica \u00e0 temperatura ambiente. O selante RTV102 \u00e9 um produto de consist\u00eancia pastosa que pode [&hellip;]<\/p>\n","protected":false},"featured_media":899,"comment_status":"open","ping_status":"closed","template":"","meta":{"om_disable_all_campaigns":false,"_monsterinsights_skip_tracking":false,"_monsterinsights_sitenote_active":false,"_monsterinsights_sitenote_note":"","_monsterinsights_sitenote_category":0,"site-sidebar-layout":"default","site-content-layout":"","ast-site-content-layout":"default","site-content-style":"default","site-sidebar-style":"default","ast-global-header-display":"","ast-banner-title-visibility":"","ast-main-header-display":"","ast-hfb-above-header-display":"","ast-hfb-below-header-display":"","ast-hfb-mobile-header-display":"","site-post-title":"","ast-breadcrumbs-content":"","ast-featured-img":"","footer-sml-layout":"","theme-transparent-header-meta":"default","adv-header-id-meta":"","stick-header-meta":"default","header-above-stick-meta":"","header-main-stick-meta":"","header-below-stick-meta":"","astra-migrate-meta-layouts":"set","ast-page-background-enabled":"default","ast-page-background-meta":{"desktop":{"background-color":"","background-image":"","background-repeat":"repeat","background-position":"center center","background-size":"auto","background-attachment":"scroll","background-type":"","background-media":"","overlay-type":"","overlay-color":"","overlay-gradient":""},"tablet":{"background-color":"","background-image":"","background-repeat":"repeat","background-position":"center center","background-size":"auto","background-attachment":"scroll","background-type":"","background-media":"","overlay-type":"","overlay-color":"","overlay-gradient":""},"mobile":{"background-color":"","background-image":"","background-repeat":"repeat","background-position":"center center","background-size":"auto","background-attachment":"scroll","background-type":"","background-media":"","overlay-type":"","overlay-color":"","overlay-gradient":""}},"ast-content-background-meta":{"desktop":{"background-color":"var(--ast-global-color-5)","background-image":"","background-repeat":"repeat","background-position":"center center","background-size":"auto","background-attachment":"scroll","background-type":"","background-media":"","overlay-type":"","overlay-color":"","overlay-gradient":""},"tablet":{"background-color":"var(--ast-global-color-5)","background-image":"","background-repeat":"repeat","background-position":"center center","background-size":"auto","background-attachment":"scroll","background-type":"","background-media":"","overlay-type":"","overlay-color":"","overlay-gradient":""},"mobile":{"background-color":"var(--ast-global-color-5)","background-image":"","background-repeat":"repeat","background-position":"center center","background-size":"auto","background-attachment":"scroll","background-type":"","background-media":"","overlay-type":"","overlay-color":"","overlay-gradient":""}}},"product_cat":[29,30,31],"product_tag":[34,35,58,37,56,57,59],"aioseo_notices":[],"_links":{"self":[{"href":"https:\/\/polimericos.com.br\/bemvindo\/wp-json\/wp\/v2\/product\/859"}],"collection":[{"href":"https:\/\/polimericos.com.br\/bemvindo\/wp-json\/wp\/v2\/product"}],"about":[{"href":"https:\/\/polimericos.com.br\/bemvindo\/wp-json\/wp\/v2\/types\/product"}],"replies":[{"embeddable":true,"href":"https:\/\/polimericos.com.br\/bemvindo\/wp-json\/wp\/v2\/comments?post=859"}],"wp:featuredmedia":[{"embeddable":true,"href":"https:\/\/polimericos.com.br\/bemvindo\/wp-json\/wp\/v2\/media\/899"}],"wp:attachment":[{"href":"https:\/\/polimericos.com.br\/bemvindo\/wp-json\/wp\/v2\/media?parent=859"}],"wp:term":[{"taxonomy":"product_cat","embeddable":true,"href":"https:\/\/polimericos.com.br\/bemvindo\/wp-json\/wp\/v2\/product_cat?post=859"},{"taxonomy":"product_tag","embeddable":true,"href":"https:\/\/polimericos.com.br\/bemvindo\/wp-json\/wp\/v2\/product_tag?post=859"}],"curies":[{"name":"wp","href":"https:\/\/api.w.org\/{rel}","templated":true}]}}