{"id":947,"date":"2024-05-13T16:26:46","date_gmt":"2024-05-13T19:26:46","guid":{"rendered":"https:\/\/polimericos.com.br\/bemvindo\/?page_id=947"},"modified":"2024-05-13T19:16:56","modified_gmt":"2024-05-13T22:16:56","slug":"catalogo","status":"publish","type":"page","link":"https:\/\/polimericos.com.br\/bemvindo\/catalogo\/","title":{"rendered":"Catalogo"},"content":{"rendered":"\t\t<div data-elementor-type=\"wp-post\" data-elementor-id=\"947\" class=\"elementor elementor-947\">\n\t\t\t\t\t\t<section class=\"elementor-section elementor-top-section elementor-element elementor-element-7d0b1fd elementor-section-content-middle elementor-section-boxed elementor-section-height-default elementor-section-height-default\" data-id=\"7d0b1fd\" data-element_type=\"section\" data-settings=\"{&quot;background_background&quot;:&quot;classic&quot;}\">\n\t\t\t\t\t\t\t<div class=\"elementor-background-overlay\"><\/div>\n\t\t\t\t\t\t\t<div class=\"elementor-container elementor-column-gap-no\">\n\t\t\t\t\t<div class=\"elementor-column elementor-col-100 elementor-top-column elementor-element elementor-element-2365ee4d\" data-id=\"2365ee4d\" data-element_type=\"column\">\n\t\t\t<div class=\"elementor-widget-wrap elementor-element-populated\">\n\t\t\t\t\t\t<div class=\"elementor-element elementor-element-3e363d46 elementor-widget elementor-widget-heading\" data-id=\"3e363d46\" data-element_type=\"widget\" data-widget_type=\"heading.default\">\n\t\t\t\t<div class=\"elementor-widget-container\">\n\t\t\t<style>\/*! elementor - v3.21.0 - 08-05-2024 *\/\n.elementor-heading-title{padding:0;margin:0;line-height:1}.elementor-widget-heading .elementor-heading-title[class*=elementor-size-]>a{color:inherit;font-size:inherit;line-height:inherit}.elementor-widget-heading .elementor-heading-title.elementor-size-small{font-size:15px}.elementor-widget-heading .elementor-heading-title.elementor-size-medium{font-size:19px}.elementor-widget-heading .elementor-heading-title.elementor-size-large{font-size:29px}.elementor-widget-heading .elementor-heading-title.elementor-size-xl{font-size:39px}.elementor-widget-heading .elementor-heading-title.elementor-size-xxl{font-size:59px}<\/style><h1 class=\"elementor-heading-title elementor-size-default\">CAT\u00c1LOGO<\/h1>\t\t<\/div>\n\t\t\t\t<\/div>\n\t\t\t\t\t<\/div>\n\t\t<\/div>\n\t\t\t\t\t<\/div>\n\t\t<\/section>\n\t\t\t\t<section class=\"elementor-section elementor-top-section elementor-element elementor-element-695b2b0f elementor-section-content-top elementor-section-boxed elementor-section-height-default elementor-section-height-default\" data-id=\"695b2b0f\" data-element_type=\"section\" data-settings=\"{&quot;background_background&quot;:&quot;classic&quot;}\">\n\t\t\t\t\t\t<div class=\"elementor-container elementor-column-gap-no\">\n\t\t\t\t\t<div class=\"elementor-column elementor-col-100 elementor-top-column elementor-element elementor-element-43d414b9\" data-id=\"43d414b9\" data-element_type=\"column\">\n\t\t\t<div class=\"elementor-widget-wrap elementor-element-populated\">\n\t\t\t\t\t\t<div class=\"elementor-element elementor-element-48fd981 uael-woo-category-grid uael-woo-cat-title-pos-default uael-woo-cat-title-style-default uael-woo-cat--align-center elementor-widget elementor-widget-uael-woo-categories\" data-id=\"48fd981\" data-element_type=\"widget\" data-settings=\"{&quot;column_gap&quot;:{&quot;unit&quot;:&quot;px&quot;,&quot;size&quot;:30,&quot;sizes&quot;:[]},&quot;cat_columns&quot;:&quot;4&quot;,&quot;cat_columns_tablet&quot;:&quot;3&quot;,&quot;cat_columns_mobile&quot;:&quot;2&quot;,&quot;column_gap_tablet&quot;:{&quot;unit&quot;:&quot;px&quot;,&quot;size&quot;:&quot;&quot;,&quot;sizes&quot;:[]},&quot;column_gap_mobile&quot;:{&quot;unit&quot;:&quot;px&quot;,&quot;size&quot;:&quot;&quot;,&quot;sizes&quot;:[]},&quot;row_gap&quot;:{&quot;unit&quot;:&quot;px&quot;,&quot;size&quot;:35,&quot;sizes&quot;:[]},&quot;row_gap_tablet&quot;:{&quot;unit&quot;:&quot;px&quot;,&quot;size&quot;:&quot;&quot;,&quot;sizes&quot;:[]},&quot;row_gap_mobile&quot;:{&quot;unit&quot;:&quot;px&quot;,&quot;size&quot;:&quot;&quot;,&quot;sizes&quot;:[]}}\" data-widget_type=\"uael-woo-categories.default\">\n\t\t\t\t<div class=\"elementor-widget-container\">\n\t\t\t<div class=\"uael-woo-categories uael-woo-categories-grid uael-woocommerce\"><div class=\"uael-woo-categories-inner  uael-woo-cat__column-4 uael-woo-cat__column-tablet-3 uael-woo-cat__column-mobile-2\"><ul class=\"products columns-4\">\n<li class=\"product-category product first\">\n\t<a href=\"https:\/\/polimericos.com.br\/bemvindo\/categoria-produto\/industria\/industria-automotiva\/\"><div class=\"uael-product-cat-inner\"><img fetchpriority=\"high\" decoding=\"async\" src=\"https:\/\/polimericos.com.br\/bemvindo\/wp-content\/uploads\/2024\/05\/industria-automotiva-300x300.jpg\" alt=\"Ind\u00fastria Automotiva\" width=\"300\" height=\"300\" srcset=\"https:\/\/polimericos.com.br\/bemvindo\/wp-content\/uploads\/2024\/05\/industria-automotiva-300x300.jpg 300w, https:\/\/polimericos.com.br\/bemvindo\/wp-content\/uploads\/2024\/05\/industria-automotiva-100x100.jpg 100w, https:\/\/polimericos.com.br\/bemvindo\/wp-content\/uploads\/2024\/05\/industria-automotiva-150x150.jpg 150w\" sizes=\"(max-width: 300px) 100vw, 300px\" \/><div class=\"uael-category__title-wrap\"><h2 class=\"woocommerce-loop-category__title\">Ind\u00fastria Automotiva<\/h2><mark class=\"uael-count\">5 Products<\/mark><\/div><\/div><\/a><\/li>\n<li class=\"product-category product\">\n\t<a href=\"https:\/\/polimericos.com.br\/bemvindo\/categoria-produto\/industria-aeroespacial\/\"><div class=\"uael-product-cat-inner\"><img decoding=\"async\" src=\"https:\/\/polimericos.com.br\/bemvindo\/wp-content\/uploads\/2024\/05\/industria-aeroespacial-300x300.jpg\" alt=\"Ind\u00fastria Aeroespacial\" width=\"300\" height=\"300\" srcset=\"https:\/\/polimericos.com.br\/bemvindo\/wp-content\/uploads\/2024\/05\/industria-aeroespacial-300x300.jpg 300w, https:\/\/polimericos.com.br\/bemvindo\/wp-content\/uploads\/2024\/05\/industria-aeroespacial-100x100.jpg 100w, https:\/\/polimericos.com.br\/bemvindo\/wp-content\/uploads\/2024\/05\/industria-aeroespacial-150x150.jpg 150w\" sizes=\"(max-width: 300px) 100vw, 300px\" \/><div class=\"uael-category__title-wrap\"><h2 class=\"woocommerce-loop-category__title\">Ind\u00fastria Aeroespacial<\/h2><mark class=\"uael-count\">4 Products<\/mark><\/div><\/div><\/a><\/li>\n<li class=\"product-category product\">\n\t<a href=\"https:\/\/polimericos.com.br\/bemvindo\/categoria-produto\/industria\/\"><div class=\"uael-product-cat-inner\"><img decoding=\"async\" src=\"https:\/\/polimericos.com.br\/bemvindo\/wp-content\/uploads\/2024\/05\/silicone-na-industria-300x300.jpg\" alt=\"Ind\u00fastria\" width=\"300\" height=\"300\" srcset=\"https:\/\/polimericos.com.br\/bemvindo\/wp-content\/uploads\/2024\/05\/silicone-na-industria-300x300.jpg 300w, https:\/\/polimericos.com.br\/bemvindo\/wp-content\/uploads\/2024\/05\/silicone-na-industria-100x100.jpg 100w, https:\/\/polimericos.com.br\/bemvindo\/wp-content\/uploads\/2024\/05\/silicone-na-industria-150x150.jpg 150w\" sizes=\"(max-width: 300px) 100vw, 300px\" \/><div class=\"uael-category__title-wrap\"><h2 class=\"woocommerce-loop-category__title\">Ind\u00fastria<\/h2><mark class=\"uael-count\">12 Products<\/mark><\/div><\/div><\/a><\/li>\n<li class=\"product-category product last\">\n\t<a href=\"https:\/\/polimericos.com.br\/bemvindo\/categoria-produto\/eletronicos\/gerenciamento-termico\/\"><div class=\"uael-product-cat-inner\"><img loading=\"lazy\" decoding=\"async\" src=\"https:\/\/polimericos.com.br\/bemvindo\/wp-content\/uploads\/woocommerce-placeholder-300x300.png\" alt=\"Gerenciamento T\u00e9rmico\" width=\"300\" height=\"300\" \/><div class=\"uael-category__title-wrap\"><h2 class=\"woocommerce-loop-category__title\">Gerenciamento T\u00e9rmico<\/h2><mark class=\"uael-count\">1 Product<\/mark><\/div><\/div><\/a><\/li>\n<li class=\"product-category product first\">\n\t<a href=\"https:\/\/polimericos.com.br\/bemvindo\/categoria-produto\/industria\/fios-cabos\/\"><div class=\"uael-product-cat-inner\"><img loading=\"lazy\" decoding=\"async\" src=\"https:\/\/polimericos.com.br\/bemvindo\/wp-content\/uploads\/2024\/05\/silicone-fios-cabos.jpg\" alt=\"Fios e Cabos\" width=\"300\" height=\"300\" srcset=\"https:\/\/polimericos.com.br\/bemvindo\/wp-content\/uploads\/2024\/05\/silicone-fios-cabos.jpg 300w, https:\/\/polimericos.com.br\/bemvindo\/wp-content\/uploads\/2024\/05\/silicone-fios-cabos-100x100.jpg 100w, https:\/\/polimericos.com.br\/bemvindo\/wp-content\/uploads\/2024\/05\/silicone-fios-cabos-150x150.jpg 150w\" sizes=\"(max-width: 300px) 100vw, 300px\" \/><div class=\"uael-category__title-wrap\"><h2 class=\"woocommerce-loop-category__title\">Fios e Cabos<\/h2><mark class=\"uael-count\">4 Products<\/mark><\/div><\/div><\/a><\/li>\n<li class=\"product-category product\">\n\t<a href=\"https:\/\/polimericos.com.br\/bemvindo\/categoria-produto\/eletronicos\/\"><div class=\"uael-product-cat-inner\"><img loading=\"lazy\" decoding=\"async\" src=\"https:\/\/polimericos.com.br\/bemvindo\/wp-content\/uploads\/2024\/05\/industra-eletronicos-300x300.jpg\" alt=\"Eletr\u00f4nicos\" width=\"300\" height=\"300\" srcset=\"https:\/\/polimericos.com.br\/bemvindo\/wp-content\/uploads\/2024\/05\/industra-eletronicos-300x300.jpg 300w, https:\/\/polimericos.com.br\/bemvindo\/wp-content\/uploads\/2024\/05\/industra-eletronicos-100x100.jpg 100w, https:\/\/polimericos.com.br\/bemvindo\/wp-content\/uploads\/2024\/05\/industra-eletronicos-150x150.jpg 150w\" sizes=\"(max-width: 300px) 100vw, 300px\" \/><div class=\"uael-category__title-wrap\"><h2 class=\"woocommerce-loop-category__title\">Eletr\u00f4nicos<\/h2><mark class=\"uael-count\">6 Products<\/mark><\/div><\/div><\/a><\/li>\n<li class=\"product-category product\">\n\t<a href=\"https:\/\/polimericos.com.br\/bemvindo\/categoria-produto\/eletroeletronicos\/\"><div class=\"uael-product-cat-inner\"><img loading=\"lazy\" decoding=\"async\" src=\"https:\/\/polimericos.com.br\/bemvindo\/wp-content\/uploads\/2024\/05\/silicone-eletrodomesticos-300x300.jpg\" alt=\"Eletroeletr\u00f4nicos\" width=\"300\" height=\"300\" srcset=\"https:\/\/polimericos.com.br\/bemvindo\/wp-content\/uploads\/2024\/05\/silicone-eletrodomesticos-300x300.jpg 300w, https:\/\/polimericos.com.br\/bemvindo\/wp-content\/uploads\/2024\/05\/silicone-eletrodomesticos-100x100.jpg 100w, https:\/\/polimericos.com.br\/bemvindo\/wp-content\/uploads\/2024\/05\/silicone-eletrodomesticos-150x150.jpg 150w\" sizes=\"(max-width: 300px) 100vw, 300px\" \/><div class=\"uael-category__title-wrap\"><h2 class=\"woocommerce-loop-category__title\">Eletroeletr\u00f4nicos<\/h2><mark class=\"uael-count\">7 Products<\/mark><\/div><\/div><\/a><\/li>\n<li class=\"product-category product last\">\n\t<a href=\"https:\/\/polimericos.com.br\/bemvindo\/categoria-produto\/eletronicos\/conformal-coating\/\"><div class=\"uael-product-cat-inner\"><img loading=\"lazy\" decoding=\"async\" src=\"https:\/\/polimericos.com.br\/bemvindo\/wp-content\/uploads\/2024\/05\/silicone-conformal-coating-300x300.jpg\" alt=\"Conformal Coating\" width=\"300\" height=\"300\" srcset=\"https:\/\/polimericos.com.br\/bemvindo\/wp-content\/uploads\/2024\/05\/silicone-conformal-coating-300x300.jpg 300w, https:\/\/polimericos.com.br\/bemvindo\/wp-content\/uploads\/2024\/05\/silicone-conformal-coating-100x100.jpg 100w, https:\/\/polimericos.com.br\/bemvindo\/wp-content\/uploads\/2024\/05\/silicone-conformal-coating-150x150.jpg 150w\" sizes=\"(max-width: 300px) 100vw, 300px\" \/><div class=\"uael-category__title-wrap\"><h2 class=\"woocommerce-loop-category__title\">Conformal Coating<\/h2><mark class=\"uael-count\">1 Product<\/mark><\/div><\/div><\/a><\/li>\n<\/ul>\n<\/div><\/div>\t\t<\/div>\n\t\t\t\t<\/div>\n\t\t\t\t\t<\/div>\n\t\t<\/div>\n\t\t\t\t\t<\/div>\n\t\t<\/section>\n\t\t\t\t<\/div>\n\t\t","protected":false},"excerpt":{"rendered":"<p>CAT\u00c1LOGO Ind\u00fastria Automotiva 5 Products Ind\u00fastria Aeroespacial 4 Products Ind\u00fastria 12 Products Fios e Cabos 4 Products Eletr\u00f4nicos 5 Products Eletroeletr\u00f4nicos 6 Products Conformal Coating 1 Product<\/p>\n","protected":false},"author":1,"featured_media":0,"parent":0,"menu_order":0,"comment_status":"closed","ping_status":"closed","template":"","meta":{"om_disable_all_campaigns":false,"_monsterinsights_skip_tracking":false,"_monsterinsights_sitenote_active":false,"_monsterinsights_sitenote_note":"","_monsterinsights_sitenote_category":0,"site-sidebar-layout":"no-sidebar","site-content-layout":"page-builder","ast-site-content-layout":"full-width-container","site-content-style":"unboxed","site-sidebar-style":"unboxed","ast-global-header-display":"","ast-banner-title-visibility":"","ast-main-header-display":"","ast-hfb-above-header-display":"","ast-hfb-below-header-display":"","ast-hfb-mobile-header-display":"","site-post-title":"disabled","ast-breadcrumbs-content":"","ast-featured-img":"disabled","footer-sml-layout":"","theme-transparent-header-meta":"disabled","adv-header-id-meta":"","stick-header-meta":"","header-above-stick-meta":"","header-main-stick-meta":"","header-below-stick-meta":"","astra-migrate-meta-layouts":"set","ast-page-background-enabled":"default","ast-page-background-meta":{"desktop":{"background-color":"","background-image":"","background-repeat":"repeat","background-position":"center center","background-size":"auto","background-attachment":"scroll","background-type":"","background-media":"","overlay-type":"","overlay-color":"","overlay-gradient":""},"tablet":{"background-color":"","background-image":"","background-repeat":"repeat","background-position":"center center","background-size":"auto","background-attachment":"scroll","background-type":"","background-media":"","overlay-type":"","overlay-color":"","overlay-gradient":""},"mobile":{"background-color":"","background-image":"","background-repeat":"repeat","background-position":"center center","background-size":"auto","background-attachment":"scroll","background-type":"","background-media":"","overlay-type":"","overlay-color":"","overlay-gradient":""}},"ast-content-background-meta":{"desktop":{"background-color":"var(--ast-global-color-5)","background-image":"","background-repeat":"repeat","background-position":"center center","background-size":"auto","background-attachment":"scroll","background-type":"","background-media":"","overlay-type":"","overlay-color":"","overlay-gradient":""},"tablet":{"background-color":"var(--ast-global-color-5)","background-image":"","background-repeat":"repeat","background-position":"center center","background-size":"auto","background-attachment":"scroll","background-type":"","background-media":"","overlay-type":"","overlay-color":"","overlay-gradient":""},"mobile":{"background-color":"var(--ast-global-color-5)","background-image":"","background-repeat":"repeat","background-position":"center center","background-size":"auto","background-attachment":"scroll","background-type":"","background-media":"","overlay-type":"","overlay-color":"","overlay-gradient":""}},"footnotes":""},"aioseo_notices":[],"_links":{"self":[{"href":"https:\/\/polimericos.com.br\/bemvindo\/wp-json\/wp\/v2\/pages\/947"}],"collection":[{"href":"https:\/\/polimericos.com.br\/bemvindo\/wp-json\/wp\/v2\/pages"}],"about":[{"href":"https:\/\/polimericos.com.br\/bemvindo\/wp-json\/wp\/v2\/types\/page"}],"author":[{"embeddable":true,"href":"https:\/\/polimericos.com.br\/bemvindo\/wp-json\/wp\/v2\/users\/1"}],"replies":[{"embeddable":true,"href":"https:\/\/polimericos.com.br\/bemvindo\/wp-json\/wp\/v2\/comments?post=947"}],"version-history":[{"count":16,"href":"https:\/\/polimericos.com.br\/bemvindo\/wp-json\/wp\/v2\/pages\/947\/revisions"}],"predecessor-version":[{"id":989,"href":"https:\/\/polimericos.com.br\/bemvindo\/wp-json\/wp\/v2\/pages\/947\/revisions\/989"}],"wp:attachment":[{"href":"https:\/\/polimericos.com.br\/bemvindo\/wp-json\/wp\/v2\/media?parent=947"}],"curies":[{"name":"wp","href":"https:\/\/api.w.org\/{rel}","templated":true}]}}