{"id":530,"date":"2018-11-26T12:46:44","date_gmt":"2018-11-26T14:46:44","guid":{"rendered":"http:\/\/polimericos.com.br\/bemvindo\/?page_id=530"},"modified":"2023-09-16T00:48:36","modified_gmt":"2023-09-16T03:48:36","slug":"segmentos","status":"publish","type":"page","link":"https:\/\/polimericos.com.br\/bemvindo\/segmentos\/","title":{"rendered":"Segmentos"},"content":{"rendered":"\t\t<div data-elementor-type=\"wp-post\" data-elementor-id=\"530\" class=\"elementor elementor-530\">\n\t\t\t\t\t\t<section class=\"elementor-section elementor-top-section elementor-element elementor-element-7d0b1fd elementor-section-content-middle elementor-section-boxed elementor-section-height-default elementor-section-height-default\" data-id=\"7d0b1fd\" data-element_type=\"section\" data-settings=\"{&quot;background_background&quot;:&quot;classic&quot;}\">\n\t\t\t\t\t\t\t<div class=\"elementor-background-overlay\"><\/div>\n\t\t\t\t\t\t\t<div class=\"elementor-container elementor-column-gap-no\">\n\t\t\t\t\t<div class=\"elementor-column elementor-col-100 elementor-top-column elementor-element elementor-element-2365ee4d\" data-id=\"2365ee4d\" data-element_type=\"column\">\n\t\t\t<div class=\"elementor-widget-wrap elementor-element-populated\">\n\t\t\t\t\t\t<div class=\"elementor-element elementor-element-3e363d46 elementor-widget elementor-widget-heading\" data-id=\"3e363d46\" data-element_type=\"widget\" data-widget_type=\"heading.default\">\n\t\t\t\t<div class=\"elementor-widget-container\">\n\t\t\t<style>\/*! elementor - v3.21.0 - 08-05-2024 *\/\n.elementor-heading-title{padding:0;margin:0;line-height:1}.elementor-widget-heading .elementor-heading-title[class*=elementor-size-]>a{color:inherit;font-size:inherit;line-height:inherit}.elementor-widget-heading .elementor-heading-title.elementor-size-small{font-size:15px}.elementor-widget-heading .elementor-heading-title.elementor-size-medium{font-size:19px}.elementor-widget-heading .elementor-heading-title.elementor-size-large{font-size:29px}.elementor-widget-heading .elementor-heading-title.elementor-size-xl{font-size:39px}.elementor-widget-heading .elementor-heading-title.elementor-size-xxl{font-size:59px}<\/style><h1 class=\"elementor-heading-title elementor-size-default\">SEGMENTOS<\/h1>\t\t<\/div>\n\t\t\t\t<\/div>\n\t\t\t\t\t<\/div>\n\t\t<\/div>\n\t\t\t\t\t<\/div>\n\t\t<\/section>\n\t\t\t\t<section class=\"elementor-section elementor-top-section elementor-element elementor-element-695b2b0f elementor-section-content-top elementor-section-boxed elementor-section-height-default elementor-section-height-default\" data-id=\"695b2b0f\" data-element_type=\"section\" data-settings=\"{&quot;background_background&quot;:&quot;classic&quot;}\">\n\t\t\t\t\t\t<div class=\"elementor-container elementor-column-gap-no\">\n\t\t\t\t\t<div class=\"elementor-column elementor-col-50 elementor-top-column elementor-element elementor-element-43d414b9\" data-id=\"43d414b9\" data-element_type=\"column\">\n\t\t\t<div class=\"elementor-widget-wrap elementor-element-populated\">\n\t\t\t\t\t\t<div class=\"elementor-element elementor-element-2999a38a elementor-widget elementor-widget-image\" data-id=\"2999a38a\" data-element_type=\"widget\" data-widget_type=\"image.default\">\n\t\t\t\t<div class=\"elementor-widget-container\">\n\t\t\t<style>\/*! elementor - v3.21.0 - 08-05-2024 *\/\n.elementor-widget-image{text-align:center}.elementor-widget-image a{display:inline-block}.elementor-widget-image a img[src$=\".svg\"]{width:48px}.elementor-widget-image img{vertical-align:middle;display:inline-block}<\/style>\t\t\t\t\t\t\t\t\t\t<img fetchpriority=\"high\" decoding=\"async\" width=\"604\" height=\"403\" src=\"https:\/\/polimericos.com.br\/bemvindo\/wp-content\/uploads\/2023\/09\/Aplicacoes-silicone-eletronica.jpg\" class=\"attachment-full size-full wp-image-763\" alt=\"Aplica\u00e7\u00f5es do Silicone na Eletr\u00f4nica\" srcset=\"https:\/\/polimericos.com.br\/bemvindo\/wp-content\/uploads\/2023\/09\/Aplicacoes-silicone-eletronica.jpg 604w, https:\/\/polimericos.com.br\/bemvindo\/wp-content\/uploads\/2023\/09\/Aplicacoes-silicone-eletronica-600x400.jpg 600w, https:\/\/polimericos.com.br\/bemvindo\/wp-content\/uploads\/2023\/09\/Aplicacoes-silicone-eletronica-300x200.jpg 300w\" sizes=\"(max-width: 604px) 100vw, 604px\" \/>\t\t\t\t\t\t\t\t\t\t\t\t\t<\/div>\n\t\t\t\t<\/div>\n\t\t\t\t<div class=\"elementor-element elementor-element-65a46ba6 elementor-widget elementor-widget-heading\" data-id=\"65a46ba6\" data-element_type=\"widget\" data-widget_type=\"heading.default\">\n\t\t\t\t<div class=\"elementor-widget-container\">\n\t\t\t<h4 class=\"elementor-heading-title elementor-size-default\">Eletr\u00f4nicos<\/h4>\t\t<\/div>\n\t\t\t\t<\/div>\n\t\t\t\t<div class=\"elementor-element elementor-element-2922c6da elementor-widget elementor-widget-text-editor\" data-id=\"2922c6da\" data-element_type=\"widget\" data-widget_type=\"text-editor.default\">\n\t\t\t\t<div class=\"elementor-widget-container\">\n\t\t\t<style>\/*! elementor - v3.21.0 - 08-05-2024 *\/\n.elementor-widget-text-editor.elementor-drop-cap-view-stacked .elementor-drop-cap{background-color:#69727d;color:#fff}.elementor-widget-text-editor.elementor-drop-cap-view-framed .elementor-drop-cap{color:#69727d;border:3px solid;background-color:transparent}.elementor-widget-text-editor:not(.elementor-drop-cap-view-default) .elementor-drop-cap{margin-top:8px}.elementor-widget-text-editor:not(.elementor-drop-cap-view-default) .elementor-drop-cap-letter{width:1em;height:1em}.elementor-widget-text-editor .elementor-drop-cap{float:left;text-align:center;line-height:1;font-size:50px}.elementor-widget-text-editor .elementor-drop-cap-letter{display:inline-block}<\/style>\t\t\t\t<p>\u00c0 medida que os sistemas diminuem cada vez mais e as densidades dos circuitos aumentam, vamos oferecendo solu\u00e7\u00f5es que se adequam a nova tecnologia, \u00a0 desde silicones para encapsulamento eletr\u00f4nico e produtos de encapsulamento at\u00e9 adesivos, aditivos, hardcoats e embalagens.<\/p>\t\t\t\t\t\t<\/div>\n\t\t\t\t<\/div>\n\t\t\t\t<div class=\"elementor-element elementor-element-b10e503 elementor-widget elementor-widget-heading\" data-id=\"b10e503\" data-element_type=\"widget\" data-widget_type=\"heading.default\">\n\t\t\t\t<div class=\"elementor-widget-container\">\n\t\t\t<h4 class=\"elementor-heading-title elementor-size-default\">Silicones de encapsulamento eletr\u00f4nico e produtos de encapsulamento, adesivos, selantes, hardcoats e resinas<\/h4>\t\t<\/div>\n\t\t\t\t<\/div>\n\t\t\t\t\t<\/div>\n\t\t<\/div>\n\t\t\t\t<div class=\"elementor-column elementor-col-50 elementor-top-column elementor-element elementor-element-479f1207\" data-id=\"479f1207\" data-element_type=\"column\">\n\t\t\t<div class=\"elementor-widget-wrap elementor-element-populated\">\n\t\t\t\t\t\t<div class=\"elementor-element elementor-element-1c138690 elementor-widget elementor-widget-image\" data-id=\"1c138690\" data-element_type=\"widget\" data-widget_type=\"image.default\">\n\t\t\t\t<div class=\"elementor-widget-container\">\n\t\t\t\t\t\t\t\t\t\t\t\t\t<img decoding=\"async\" width=\"604\" height=\"403\" src=\"https:\/\/polimericos.com.br\/bemvindo\/wp-content\/uploads\/2023\/09\/Aplicacoes-silicone-eletrodomesticos.jpg\" class=\"attachment-full size-full wp-image-765\" alt=\"Aplica\u00e7\u00f5es do silcone em eletrodomesticos\" srcset=\"https:\/\/polimericos.com.br\/bemvindo\/wp-content\/uploads\/2023\/09\/Aplicacoes-silicone-eletrodomesticos.jpg 604w, https:\/\/polimericos.com.br\/bemvindo\/wp-content\/uploads\/2023\/09\/Aplicacoes-silicone-eletrodomesticos-600x400.jpg 600w, https:\/\/polimericos.com.br\/bemvindo\/wp-content\/uploads\/2023\/09\/Aplicacoes-silicone-eletrodomesticos-300x200.jpg 300w\" sizes=\"(max-width: 604px) 100vw, 604px\" \/>\t\t\t\t\t\t\t\t\t\t\t\t\t<\/div>\n\t\t\t\t<\/div>\n\t\t\t\t<div class=\"elementor-element elementor-element-659e6e22 elementor-widget elementor-widget-heading\" data-id=\"659e6e22\" data-element_type=\"widget\" data-widget_type=\"heading.default\">\n\t\t\t\t<div class=\"elementor-widget-container\">\n\t\t\t<h4 class=\"elementor-heading-title elementor-size-default\">Eletroeletr\u00f4nicos\n\n<\/h4>\t\t<\/div>\n\t\t\t\t<\/div>\n\t\t\t\t<div class=\"elementor-element elementor-element-61fbbb60 elementor-widget elementor-widget-text-editor\" data-id=\"61fbbb60\" data-element_type=\"widget\" data-widget_type=\"text-editor.default\">\n\t\t\t\t<div class=\"elementor-widget-container\">\n\t\t\t\t\t\t\t<p>Nossos materiais aprimoram o desempenho e a economia de energia dos aparelhos, al\u00e9m de oferecerem mais liberdade quanto ao design. Eles tamb\u00e9m melhoram as opera\u00e7\u00f5es de fabrica\u00e7\u00e3o, protegendo os aparelhos contra impactos, pancadas e vibra\u00e7\u00f5es, al\u00e9m de temperaturas elevadas.<\/p>\t\t\t\t\t\t<\/div>\n\t\t\t\t<\/div>\n\t\t\t\t<div class=\"elementor-element elementor-element-09670ba elementor-widget elementor-widget-heading\" data-id=\"09670ba\" data-element_type=\"widget\" data-widget_type=\"heading.default\">\n\t\t\t\t<div class=\"elementor-widget-container\">\n\t\t\t<h4 class=\"elementor-heading-title elementor-size-default\">Juntas de veda\u00e7\u00e3o e tubula\u00e7\u00e3o, componentes el\u00e9tricos, aplica\u00e7\u00f5es t\u00e9rmicas e isolamento t\u00e9rmico<\/h4>\t\t<\/div>\n\t\t\t\t<\/div>\n\t\t\t\t\t<\/div>\n\t\t<\/div>\n\t\t\t\t\t<\/div>\n\t\t<\/section>\n\t\t\t\t<section class=\"elementor-section elementor-top-section elementor-element elementor-element-5765c148 elementor-section-content-top elementor-section-boxed elementor-section-height-default elementor-section-height-default\" data-id=\"5765c148\" data-element_type=\"section\" data-settings=\"{&quot;background_background&quot;:&quot;classic&quot;}\">\n\t\t\t\t\t\t<div class=\"elementor-container elementor-column-gap-no\">\n\t\t\t\t\t<div class=\"elementor-column elementor-col-50 elementor-top-column elementor-element elementor-element-52d4d70b\" data-id=\"52d4d70b\" data-element_type=\"column\">\n\t\t\t<div class=\"elementor-widget-wrap elementor-element-populated\">\n\t\t\t\t\t\t<div class=\"elementor-element elementor-element-6a4ef52a elementor-widget elementor-widget-image\" data-id=\"6a4ef52a\" data-element_type=\"widget\" data-widget_type=\"image.default\">\n\t\t\t\t<div class=\"elementor-widget-container\">\n\t\t\t\t\t\t\t\t\t\t\t\t\t<img decoding=\"async\" width=\"604\" height=\"403\" src=\"https:\/\/polimericos.com.br\/bemvindo\/wp-content\/uploads\/2023\/09\/Aplicacoes-silicone-automovel.jpg\" class=\"attachment-full size-full wp-image-766\" alt=\"Aplicacoes-silicone-automovel\" srcset=\"https:\/\/polimericos.com.br\/bemvindo\/wp-content\/uploads\/2023\/09\/Aplicacoes-silicone-automovel.jpg 604w, https:\/\/polimericos.com.br\/bemvindo\/wp-content\/uploads\/2023\/09\/Aplicacoes-silicone-automovel-600x400.jpg 600w, https:\/\/polimericos.com.br\/bemvindo\/wp-content\/uploads\/2023\/09\/Aplicacoes-silicone-automovel-300x200.jpg 300w\" sizes=\"(max-width: 604px) 100vw, 604px\" \/>\t\t\t\t\t\t\t\t\t\t\t\t\t<\/div>\n\t\t\t\t<\/div>\n\t\t\t\t<div class=\"elementor-element elementor-element-7fb3834f elementor-widget elementor-widget-heading\" data-id=\"7fb3834f\" data-element_type=\"widget\" data-widget_type=\"heading.default\">\n\t\t\t\t<div class=\"elementor-widget-container\">\n\t\t\t<h4 class=\"elementor-heading-title elementor-size-default\">Ind\u00fastria Automotiva<\/h4>\t\t<\/div>\n\t\t\t\t<\/div>\n\t\t\t\t<div class=\"elementor-element elementor-element-cf4ffec elementor-widget elementor-widget-text-editor\" data-id=\"cf4ffec\" data-element_type=\"widget\" data-widget_type=\"text-editor.default\">\n\t\t\t\t<div class=\"elementor-widget-container\">\n\t\t\t\t\t\t\t<p>De solu\u00e7\u00f5es de gerenciamento t\u00e9rmico e de bateria a materiais de cabos e conectores; de revestimentos de sensores a adesivos e veda\u00e7\u00f5es, os silicones inovadores da Momentive ajudam a moldar o futuro da mobilidade eletr\u00f4nica e dos novos ve\u00edculos.<\/p>\t\t\t\t\t\t<\/div>\n\t\t\t\t<\/div>\n\t\t\t\t<div class=\"elementor-element elementor-element-309211f elementor-widget elementor-widget-heading\" data-id=\"309211f\" data-element_type=\"widget\" data-widget_type=\"heading.default\">\n\t\t\t\t<div class=\"elementor-widget-container\">\n\t\t\t<h4 class=\"elementor-heading-title elementor-size-default\">Silicones, Elast\u00f4meros de silicone, Hardcoats, aditivos de tintas, Revestimentos antiemba\u00e7amento SilFORT*, agentes de acoplamento, revestimentos de impermeabiliza\u00e7\u00e3o\n<\/h4>\t\t<\/div>\n\t\t\t\t<\/div>\n\t\t\t\t\t<\/div>\n\t\t<\/div>\n\t\t\t\t<div class=\"elementor-column elementor-col-50 elementor-top-column elementor-element elementor-element-508673ec\" data-id=\"508673ec\" data-element_type=\"column\">\n\t\t\t<div class=\"elementor-widget-wrap elementor-element-populated\">\n\t\t\t\t\t\t<div class=\"elementor-element elementor-element-5a9c6e27 elementor-widget elementor-widget-image\" data-id=\"5a9c6e27\" data-element_type=\"widget\" data-widget_type=\"image.default\">\n\t\t\t\t<div class=\"elementor-widget-container\">\n\t\t\t\t\t\t\t\t\t\t\t\t\t<img loading=\"lazy\" decoding=\"async\" width=\"590\" height=\"400\" src=\"https:\/\/polimericos.com.br\/bemvindo\/wp-content\/uploads\/2018\/11\/project-4.jpg\" class=\"attachment-full size-full wp-image-174\" alt=\"\" srcset=\"https:\/\/polimericos.com.br\/bemvindo\/wp-content\/uploads\/2018\/11\/project-4.jpg 590w, https:\/\/polimericos.com.br\/bemvindo\/wp-content\/uploads\/2018\/11\/project-4-300x203.jpg 300w\" sizes=\"(max-width: 590px) 100vw, 590px\" \/>\t\t\t\t\t\t\t\t\t\t\t\t\t<\/div>\n\t\t\t\t<\/div>\n\t\t\t\t<div class=\"elementor-element elementor-element-5feb3576 elementor-widget elementor-widget-heading\" data-id=\"5feb3576\" data-element_type=\"widget\" data-widget_type=\"heading.default\">\n\t\t\t\t<div class=\"elementor-widget-container\">\n\t\t\t<h4 class=\"elementor-heading-title elementor-size-default\">Ind\u00fastria Aeroespacial<\/h4>\t\t<\/div>\n\t\t\t\t<\/div>\n\t\t\t\t<div class=\"elementor-element elementor-element-3d74166f elementor-widget elementor-widget-text-editor\" data-id=\"3d74166f\" data-element_type=\"widget\" data-widget_type=\"text-editor.default\">\n\t\t\t\t<div class=\"elementor-widget-container\">\n\t\t\t\t\t\t\t<p>Produtos de <strong>silicone<\/strong> <strong>RTV<\/strong> aplicados para:<\/p><ul><li>Estabilidade de longo prazo em uma ampla gama de temperaturas extremas<\/li><li>Flexibilidade, ader\u00eancia e veda\u00e7\u00e3o sustentadas<\/li><li>Veda\u00e7\u00f5es de prote\u00e7\u00e3o para evitar poeira e umidade<\/li><li>Resist\u00eancia a combust\u00edveis e solventes<\/li><li>Isolamento el\u00e9trico para componentes eletr\u00f4nicos cr\u00edticos<\/li><li>Prote\u00e7\u00e3o t\u00e9rmica para sensores e\u00a0<a title=\"RTV Silicones for Launch Structures\" href=\"https:\/\/www.momentive.com\/docs\/default-source\/productbycategorydocument\/aerospace\/aerospacce---launch-pad-flyer_lr.pdf\" download=\"true\">estruturas de lan\u00e7amento<\/a><\/li><li>Solu\u00e7\u00f5es de baixa desgaseifica\u00e7\u00e3o para prote\u00e7\u00e3o \u00f3tica, matrizes solares, avi\u00f4nicos e compartimentos tripulados<\/li><li>Tintas para cobertura de jatos e helic\u00f3pteros, luzes externas e tampas de sensores<\/li><\/ul>\t\t\t\t\t\t<\/div>\n\t\t\t\t<\/div>\n\t\t\t\t<div class=\"elementor-element elementor-element-afa8097 elementor-widget elementor-widget-heading\" data-id=\"afa8097\" data-element_type=\"widget\" data-widget_type=\"heading.default\">\n\t\t\t\t<div class=\"elementor-widget-container\">\n\t\t\t<h4 class=\"elementor-heading-title elementor-size-default\">Milhares de horas de voo e tempo no espa\u00e7o para inovar em produtos de avia\u00e7\u00e3o, espa\u00e7o a\u00e9reo e defesa <\/h4>\t\t<\/div>\n\t\t\t\t<\/div>\n\t\t\t\t\t<\/div>\n\t\t<\/div>\n\t\t\t\t\t<\/div>\n\t\t<\/section>\n\t\t\t\t<\/div>\n\t\t","protected":false},"excerpt":{"rendered":"<p>SEGMENTOS Eletr\u00f4nicos \u00c0 medida que os sistemas diminuem cada vez mais e as densidades dos circuitos aumentam, vamos oferecendo solu\u00e7\u00f5es que se adequam a nova tecnologia, \u00a0 desde silicones para encapsulamento eletr\u00f4nico e produtos de encapsulamento at\u00e9 adesivos, aditivos, hardcoats e embalagens. Silicones de encapsulamento eletr\u00f4nico e produtos de encapsulamento, adesivos, selantes, hardcoats e resinas [&hellip;]<\/p>\n","protected":false},"author":1,"featured_media":0,"parent":0,"menu_order":0,"comment_status":"closed","ping_status":"closed","template":"","meta":{"om_disable_all_campaigns":false,"_monsterinsights_skip_tracking":false,"_monsterinsights_sitenote_active":false,"_monsterinsights_sitenote_note":"","_monsterinsights_sitenote_category":0,"site-sidebar-layout":"no-sidebar","site-content-layout":"page-builder","ast-site-content-layout":"full-width-container","site-content-style":"unboxed","site-sidebar-style":"unboxed","ast-global-header-display":"","ast-banner-title-visibility":"","ast-main-header-display":"","ast-hfb-above-header-display":"","ast-hfb-below-header-display":"","ast-hfb-mobile-header-display":"","site-post-title":"disabled","ast-breadcrumbs-content":"","ast-featured-img":"disabled","footer-sml-layout":"","theme-transparent-header-meta":"disabled","adv-header-id-meta":"","stick-header-meta":"","header-above-stick-meta":"","header-main-stick-meta":"","header-below-stick-meta":"","astra-migrate-meta-layouts":"set","ast-page-background-enabled":"default","ast-page-background-meta":{"desktop":{"background-color":"","background-image":"","background-repeat":"repeat","background-position":"center center","background-size":"auto","background-attachment":"scroll","background-type":"","background-media":"","overlay-type":"","overlay-color":"","overlay-gradient":""},"tablet":{"background-color":"","background-image":"","background-repeat":"repeat","background-position":"center center","background-size":"auto","background-attachment":"scroll","background-type":"","background-media":"","overlay-type":"","overlay-color":"","overlay-gradient":""},"mobile":{"background-color":"","background-image":"","background-repeat":"repeat","background-position":"center center","background-size":"auto","background-attachment":"scroll","background-type":"","background-media":"","overlay-type":"","overlay-color":"","overlay-gradient":""}},"ast-content-background-meta":{"desktop":{"background-color":"var(--ast-global-color-5)","background-image":"","background-repeat":"repeat","background-position":"center center","background-size":"auto","background-attachment":"scroll","background-type":"","background-media":"","overlay-type":"","overlay-color":"","overlay-gradient":""},"tablet":{"background-color":"var(--ast-global-color-5)","background-image":"","background-repeat":"repeat","background-position":"center center","background-size":"auto","background-attachment":"scroll","background-type":"","background-media":"","overlay-type":"","overlay-color":"","overlay-gradient":""},"mobile":{"background-color":"var(--ast-global-color-5)","background-image":"","background-repeat":"repeat","background-position":"center center","background-size":"auto","background-attachment":"scroll","background-type":"","background-media":"","overlay-type":"","overlay-color":"","overlay-gradient":""}},"footnotes":""},"aioseo_notices":[],"_links":{"self":[{"href":"https:\/\/polimericos.com.br\/bemvindo\/wp-json\/wp\/v2\/pages\/530"}],"collection":[{"href":"https:\/\/polimericos.com.br\/bemvindo\/wp-json\/wp\/v2\/pages"}],"about":[{"href":"https:\/\/polimericos.com.br\/bemvindo\/wp-json\/wp\/v2\/types\/page"}],"author":[{"embeddable":true,"href":"https:\/\/polimericos.com.br\/bemvindo\/wp-json\/wp\/v2\/users\/1"}],"replies":[{"embeddable":true,"href":"https:\/\/polimericos.com.br\/bemvindo\/wp-json\/wp\/v2\/comments?post=530"}],"version-history":[{"count":27,"href":"https:\/\/polimericos.com.br\/bemvindo\/wp-json\/wp\/v2\/pages\/530\/revisions"}],"predecessor-version":[{"id":769,"href":"https:\/\/polimericos.com.br\/bemvindo\/wp-json\/wp\/v2\/pages\/530\/revisions\/769"}],"wp:attachment":[{"href":"https:\/\/polimericos.com.br\/bemvindo\/wp-json\/wp\/v2\/media?parent=530"}],"curies":[{"name":"wp","href":"https:\/\/api.w.org\/{rel}","templated":true}]}}